{"id":63,"date":"2021-11-04T13:09:39","date_gmt":"2021-11-04T17:09:39","guid":{"rendered":"https:\/\/mocofamiliesforsafestreets.org\/?page_id=63"},"modified":"2023-11-17T23:10:38","modified_gmt":"2023-11-18T04:10:38","slug":"about-us","status":"publish","type":"page","link":"https:\/\/mocofamiliesforsafestreets.org\/es\/about-us\/","title":{"rendered":"Acerca de nosotros"},"content":{"rendered":"<h2 class=\"wp-block-heading\">Nuestra Historia<\/h2>\n\n\n\n<p>A partir de 2019&nbsp;<a href=\"http:\/\/www.actfortransit.org\/\" target=\"_blank\" rel=\"noreferrer noopener\">Action Committee for Transit (\u201cComit\u00e9 de Acci\u00f3n para el Transporte P\u00fablico\u201d)<\/a>&nbsp;se uni\u00f3 a otros miembros de la comunidad con el compromiso conjunto de conmemorar todas las muertes por colisiones de tr\u00e1fico de personas que no andaban de coche en el condado de Montgomery. Estos memoriales, tambi\u00e9n denominados memoriales de \u201czapato fantasma\u201d o \u201cbicicleta fantasma\u201d (\u201cghost shoe\u201d y \u201cghost bike\u201d en ingl\u00e9s), se llevan a cabo a lo largo de la calle, cerca del lugar de la colisi\u00f3n fatal, reuniendo a seres queridos, amigos, vecinos, pol\u00edticos y otros l\u00edderes comunitarios. El prop\u00f3sito de estos memoriales es crear conciencia sobre los crecientes peligros que enfrentan los peatones y ciclistas en nuestras calles, y llamar la atenci\u00f3n sobre las muertes sin sentido y prevenibles, que a menudo pasan desapercibidas para los legisladores y los medios de comunicaci\u00f3n.&nbsp;<\/p>\n\n\n\n<p>Over the course of 2019-2021, over 20 memorials were held, and the commitment to continue this practice remains firm. Since we began this work, we have provided outreach to dozens of families, and have installed ghost bike and ghost shoe memorials across the County. During the 2019-2021 memorials, organizers sensed a &#8220;missing piece&#8221; here in Montgomery County&#8230; we were lacking an organizing body. There was no existing organization with a goal of connecting victims&#8217; families and community members, and there was no existing support network for victims&#8217; loved ones and friends. Organizers sought to bring together an active support and advocacy community, poised to take action towards preventing future deaths.<\/p>\n\n\n\n<p>Al forjar este grupo, los organizadores encontraron a Families for Safe Streets (\u201cFamilias por Calles Seguras\u201d en ingl\u00e9s), que parec\u00eda una organizaci\u00f3n totalmente alineada con los objetivos del nuevo grupo.&nbsp;<a href=\"https:\/\/www.transalt.org\/familiesforsafestreets\" target=\"_blank\" rel=\"noreferrer noopener\">Families for Safe Streets<\/a>&nbsp;fue fundada en la ciudad de Nueva York en 2014 por las familias de seres queridos que murieron o se lesionaron en colisiones de tr\u00e1fico. Families for Safe Streets es un movimiento en crecimiento para luchar por calles seguras, con cientos de miembros que representan el espectro completo de diversas poblaciones, que trabajan incansablemente por la concientizaci\u00f3n, el cambio de pol\u00edticas y la legislaci\u00f3n.<\/p>\n\n\n\n<p>El cap\u00edtulo de Familias por Calles Seguras del condado de Montgomery se lanz\u00f3 en la primavera de 2021 y opera en asociaci\u00f3n y bajo un acuerdo con WABA, Washington Area Bicyclist Association (\u201cAsociaci\u00f3n de Ciclistas del \u00c1rea de Washington\u201d en ingl\u00e9s).&nbsp;<a rel=\"noreferrer noopener\" href=\"https:\/\/waba.org\/\" target=\"_blank\">Washington Area Bicyclist Association<\/a>.<\/p>\n\n\n\n<h2 class=\"wp-block-heading\">Cap\u00edtulos actuales<\/h2>\n\n\n\n<ul class=\"wp-block-list\">\n<li><a rel=\"noreferrer noopener\" href=\"https:\/\/www.atlantafss.org\/\" target=\"_blank\">Atlanta, Georgia<\/a><\/li>\n\n\n\n<li><a rel=\"noreferrer noopener\" href=\"http:\/\/www.ctfss.org\/\" target=\"_blank\">Centro de Texas<\/a><\/li>\n\n\n\n<li><a rel=\"noreferrer noopener\" href=\"https:\/\/bicyclecoalition.org\/programs\/families-for-safe-streets\/\" target=\"_blank\">\u00c1rea metropolitana de Filadelfia<\/a><\/li>\n\n\n\n<li><a rel=\"noreferrer noopener\" href=\"https:\/\/www.walkbikenashville.org\/families_for_safe_streets_nashville\" target=\"_blank\">Nashville, Tennessee<\/a><\/li>\n\n\n\n<li><a rel=\"noreferrer noopener\" href=\"http:\/\/familiesforsafestreets.org\/\" target=\"_blank\">Nueva York, Nueva York (Organizaci\u00f3n Nacional)<\/a><\/li>\n\n\n\n<li><a rel=\"noreferrer noopener\" href=\"https:\/\/fssnj.org\/\" target=\"_blank\">New Jersey<\/a><\/li>\n\n\n\n<li><a rel=\"noreferrer noopener\" href=\"https:\/\/novasafestreets.org\/\" target=\"_blank\">Norte de Virginia (incluye Alexandria, Arlington y Fairfax)<\/a>&nbsp;(includes Alexandria, Arlington, and Fairfax)<\/li>\n\n\n\n<li><a rel=\"noreferrer noopener\" href=\"https:\/\/www.thestreettrust.org\/families-safe-streets\" target=\"_blank\">Oreg\u00f3n y suroeste del estado de Washington<\/a><\/li>\n\n\n\n<li>Richmond, VA<\/li>\n\n\n\n<li><a rel=\"noreferrer noopener\" href=\"https:\/\/walksf.org\/families-for-safe-streets\/\" target=\"_blank\">\u00c1rea de la Bah\u00eda de San Francisco, California<\/a><\/li>\n\n\n\n<li>San Jose, California<\/li>\n\n\n\n<li><a rel=\"noreferrer noopener\" href=\"http:\/\/www.losangeleswalks.org\/fss\" target=\"_blank\">Sur de California<\/a><\/li>\n\n\n\n<li><a rel=\"noreferrer noopener\" href=\"https:\/\/www.cycleto.ca\/friends-and-families-safe-streets\" target=\"_blank\">Toronto, Canada<\/a><\/li>\n\n\n\n<li><a rel=\"noreferrer noopener\" href=\"https:\/\/dcfamiliesforsafestreets.org\/\" target=\"_blank\">Washington, DC<\/a>&nbsp;<\/li>\n<\/ul>\n\n\n\n<h2 class=\"wp-block-heading\">Comit\u00e9 Directivo<\/h2>\n\n\n\n<p>The following individuals lead the Steering Committee for Montgomery County Families for Safe Streets Chapter<\/p>\n\n\n\n<ul class=\"wp-block-list\">\n<li>Peter Gray<\/li>\n\n\n\n<li>Leah Walton<\/li>\n\n\n\n<li>Kristy Daphnis<\/li>\n\n\n\n<li>Carolyn Wilson<\/li>\n\n\n\n<li>Miram Schoenbaum<\/li>\n<\/ul>","protected":false},"excerpt":{"rendered":"<p>History Beginning in 2019, the&nbsp;Action Committee for Transit&nbsp;teamed up with fellow local transportation safety advocates, with a joint commitment to memorialize every single non-motorist traffic death in Montgomery County, Maryland. These memorials, often referred to as &#8220;ghost shoe&#8221; or &#8220;ghost bike&#8221; memorials are held along the roadside, near the fatal [&hellip;]<\/p>","protected":false},"author":1,"featured_media":0,"parent":0,"menu_order":0,"comment_status":"closed","ping_status":"closed","template":"","meta":{"footnotes":""},"class_list":["post-63","page","type-page","status-publish","hentry"],"_links":{"self":[{"href":"https:\/\/mocofamiliesforsafestreets.org\/es\/wp-json\/wp\/v2\/pages\/63","targetHints":{"allow":["GET"]}}],"collection":[{"href":"https:\/\/mocofamiliesforsafestreets.org\/es\/wp-json\/wp\/v2\/pages"}],"about":[{"href":"https:\/\/mocofamiliesforsafestreets.org\/es\/wp-json\/wp\/v2\/types\/page"}],"author":[{"embeddable":true,"href":"https:\/\/mocofamiliesforsafestreets.org\/es\/wp-json\/wp\/v2\/users\/1"}],"replies":[{"embeddable":true,"href":"https:\/\/mocofamiliesforsafestreets.org\/es\/wp-json\/wp\/v2\/comments?post=63"}],"version-history":[{"count":5,"href":"https:\/\/mocofamiliesforsafestreets.org\/es\/wp-json\/wp\/v2\/pages\/63\/revisions"}],"predecessor-version":[{"id":190,"href":"https:\/\/mocofamiliesforsafestreets.org\/es\/wp-json\/wp\/v2\/pages\/63\/revisions\/190"}],"wp:attachment":[{"href":"https:\/\/mocofamiliesforsafestreets.org\/es\/wp-json\/wp\/v2\/media?parent=63"}],"curies":[{"name":"wp","href":"https:\/\/api.w.org\/{rel}","templated":true}]}}