{"id":12,"date":"2021-11-04T12:22:33","date_gmt":"2021-11-04T16:22:33","guid":{"rendered":"https:\/\/mocofamiliesforsafestreets.org\/?page_id=12"},"modified":"2024-11-15T00:21:12","modified_gmt":"2024-11-15T05:21:12","slug":"home","status":"publish","type":"page","link":"https:\/\/mocofamiliesforsafestreets.org\/es\/","title":{"rendered":"P\u00e1gina Principal"},"content":{"rendered":"<div class=\"wp-block-cover alignfull is-light hestia-clear-top-padding\"><span aria-hidden=\"true\" class=\"wp-block-cover__background has-white-background-color has-background-dim-100 has-background-dim\"><\/span><div class=\"wp-block-cover__inner-container is-layout-flow wp-block-cover-is-layout-flow\">\n<div style=\"height:40px\" aria-hidden=\"true\" class=\"wp-block-spacer\"><\/div>\n\n\n\n<div class=\"wp-block-columns container is-layout-flex wp-container-core-columns-is-layout-9d6595d7 wp-block-columns-is-layout-flex\">\n<div class=\"wp-block-column is-layout-flow wp-block-column-is-layout-flow\">\n<h3 class=\"wp-block-heading has-text-align-center has-text-color\" style=\"color:#333333\">Misi\u00f3n<\/h3>\n\n\n\n<p class=\"has-black-color has-text-color\">Nuestra misi\u00f3n tiene cuatro partes:<\/p>\n\n\n\n<p class=\"has-black-color has-text-color\">To&nbsp;provide<strong> support and shared community<\/strong> for families and friends of traffic crash victims (including pedestrians, cyclists, drivers, and others on our roadways);&nbsp;<\/p>\n\n\n\n<p class=\"has-black-color has-text-color\">To help <strong>share stories<\/strong> of the lives of those lost in preventable traffic crashes;<\/p>\n\n\n\n<p class=\"has-black-color has-text-color\">To&nbsp;convert these stories into <strong>y incidencia efectiva<\/strong> en el condado de Montgomery y el estado de Maryland; y,&nbsp;<\/p>\n\n\n\n<p class=\"has-black-color has-text-color\">To&nbsp;prompt changes that would <strong>evitar\u00edan que tales tragedias ocurran<\/strong> en el futuro<\/p>\n\n\n\n<p><a href=\"https:\/\/usa.streetsblog.org\/2023\/11\/17\/world-day-of-remembrance-connecting-grief-to-activism\" target=\"_blank\" rel=\"noreferrer noopener\"><strong>Read our FSS Op-Ed, in streetsblog<\/strong><\/a><\/p>\n\n\n\n<div style=\"height:25px\" aria-hidden=\"true\" class=\"wp-block-spacer\"><\/div>\n<\/div>\n\n\n\n<div class=\"wp-block-column is-layout-flow wp-block-column-is-layout-flow\">\n<h3 class=\"wp-block-heading has-text-align-center has-text-color\" style=\"color:#333333\">Quienes somos<\/h3>\n\n\n\n<p class=\"has-black-color has-text-color\"><strong>We are&#8230;&nbsp;grieving family members<\/strong> con una preocupaci\u00f3n compartida por los seres queridos perdidos en colisiones de tr\u00e1fico. En primer lugar, nuestro objetivo es brindar apoyo y recursos a familiares y amigos de seres queridos perdidos en colisiones de tr\u00e1fico, formando un sistema de apoyo, para que los familiares y amigos de las v\u00edctimas sepan que no est\u00e1n solos.<\/p>\n\n\n\n<p class=\"has-black-color has-text-color\"><strong>We are&#8230;&nbsp;parents and neighbors, sisters and brothers, sons and daughters, friends, teachers, and community members,<\/strong> todos comprometidos a realizar un sistema de transporte compartido m\u00e1s seguro en el condado de Montgomery, ya sea que una persona conduzca, camine, ruede, ande en bicicleta o use un scooter; si el modo de transporte es a propulsi\u00f3n humana o motorizada.<\/p>\n\n\n\n<p class=\"has-black-color has-text-color\"><strong>We believe&#8230;&nbsp;that traffic crashes are preventable<\/strong>y, como tal, estamos comprometidos a aprender lecciones de los choques fatales para comprender c\u00f3mo prevenirlos en el futuro.&nbsp;<\/p>\n\n\n\n<p class=\"has-black-color has-text-color\"><strong>Trabajamos juntos...<\/strong>&#8230;<strong>&nbsp;to transform these stories of preventable tragedy into actionable advocacy efforts, to ensure the streets are safer for all.<\/strong><\/p>\n\n\n\n<div style=\"height:25px\" aria-hidden=\"true\" class=\"wp-block-spacer\"><\/div>\n<\/div>\n\n\n\n<div class=\"wp-block-column is-layout-flow wp-block-column-is-layout-flow\">\n<h3 class=\"wp-block-heading has-text-align-center has-text-color\" style=\"color:#333333\">Actualizaciones<\/h3>\n\n\n\n<p class=\"has-text-align-center\"><strong>SAVE THE DATE!<\/strong><\/p>\n\n\n\n<figure class=\"wp-block-image size-full is-resized\"><img loading=\"lazy\" decoding=\"async\" width=\"600\" height=\"301\" src=\"https:\/\/mocofamiliesforsafestreets.org\/wp-content\/uploads\/2024\/09\/WDOR-English.png\" alt=\"\" class=\"wp-image-209\" style=\"width:273px;height:auto\" srcset=\"https:\/\/mocofamiliesforsafestreets.org\/wp-content\/uploads\/2024\/09\/WDOR-English.png 600w, https:\/\/mocofamiliesforsafestreets.org\/wp-content\/uploads\/2024\/09\/WDOR-English-300x151.png 300w, https:\/\/mocofamiliesforsafestreets.org\/wp-content\/uploads\/2024\/09\/WDOR-English-18x9.png 18w\" sizes=\"auto, (max-width: 600px) 100vw, 600px\" \/><\/figure>\n\n\n\n<p class=\"has-text-align-center has-black-color has-text-color\">Join MoCo FSS and WABA for<\/p>\n\n\n\n<p class=\"has-text-align-center has-black-color has-text-color\"><strong>World Day of Remembrance for Road Traffic Victims<\/strong><\/p>\n\n\n\n<p class=\"has-text-align-center\"><strong>Sunday, November 17, 2024<\/strong><\/p>\n\n\n\n<p>Ride for Your Life 2024 is a\u00a010-mile slow ride and separate one-mile\u00a0walk\u00a0to the Lincoln Memorial that will send a clear message about roadway safety to our leaders as a new Congress and presidential administration takes shape. The more people show up, the more attention we will get, and the safer the roads will become.<\/p>\n\n\n\n<p class=\"has-text-align-center\">For more info and to register, please visit the link below:<\/p>\n\n\n\n<figure class=\"wp-block-embed is-type-wp-embed is-provider-washington-area-bicyclist-association wp-block-embed-washington-area-bicyclist-association\"><div class=\"wp-block-embed__wrapper\">\n<blockquote class=\"wp-embedded-content\" data-secret=\"upVEkPca5y\"><a href=\"https:\/\/waba.org\/event\/ride-for-your-life\/\">Ride for Your Life<\/a><\/blockquote><iframe loading=\"lazy\" class=\"wp-embedded-content\" sandbox=\"allow-scripts\" security=\"restricted\" style=\"position: absolute; visibility: hidden;\" title=\"&#8220;Ride for Your Life&#8221; &#8212; Washington Area Bicyclist Association\" src=\"https:\/\/waba.org\/event\/ride-for-your-life\/embed\/#?secret=XNDVlA93Jj#?secret=upVEkPca5y\" data-secret=\"upVEkPca5y\" width=\"600\" height=\"338\" frameborder=\"0\" marginwidth=\"0\" marginheight=\"0\" scrolling=\"no\"><\/iframe>\n<\/div><\/figure>\n\n\n\n<div class=\"wp-block-buttons is-horizontal is-content-justification-center is-layout-flex wp-container-core-buttons-is-layout-499968f5 wp-block-buttons-is-layout-flex\"><\/div>\n\n\n\n<p><\/p>\n\n\n\n<p class=\"has-small-font-size\"><strong>Join our e-mail list to receive advocacy alerts and other updates!  Email <a href=\"mailto:mocofamiliesforsafestreets@gmail.com\">mocofamiliesforsafestreets@gmail.com<\/a> with &#8220;SUBSCRIBE&#8221; in the Subject Line<\/strong><\/p>\n\n\n\n<div style=\"height:25px\" aria-hidden=\"true\" class=\"wp-block-spacer\"><\/div>\n<\/div>\n<\/div>\n\n\n\n<div style=\"height:40px\" aria-hidden=\"true\" class=\"wp-block-spacer\"><\/div>\n<\/div><\/div>","protected":false},"excerpt":{"rendered":"","protected":false},"author":1,"featured_media":0,"parent":0,"menu_order":0,"comment_status":"closed","ping_status":"closed","template":"","meta":{"footnotes":""},"class_list":["post-12","page","type-page","status-publish","hentry"],"_links":{"self":[{"href":"https:\/\/mocofamiliesforsafestreets.org\/es\/wp-json\/wp\/v2\/pages\/12","targetHints":{"allow":["GET"]}}],"collection":[{"href":"https:\/\/mocofamiliesforsafestreets.org\/es\/wp-json\/wp\/v2\/pages"}],"about":[{"href":"https:\/\/mocofamiliesforsafestreets.org\/es\/wp-json\/wp\/v2\/types\/page"}],"author":[{"embeddable":true,"href":"https:\/\/mocofamiliesforsafestreets.org\/es\/wp-json\/wp\/v2\/users\/1"}],"replies":[{"embeddable":true,"href":"https:\/\/mocofamiliesforsafestreets.org\/es\/wp-json\/wp\/v2\/comments?post=12"}],"version-history":[{"count":10,"href":"https:\/\/mocofamiliesforsafestreets.org\/es\/wp-json\/wp\/v2\/pages\/12\/revisions"}],"predecessor-version":[{"id":219,"href":"https:\/\/mocofamiliesforsafestreets.org\/es\/wp-json\/wp\/v2\/pages\/12\/revisions\/219"}],"wp:attachment":[{"href":"https:\/\/mocofamiliesforsafestreets.org\/es\/wp-json\/wp\/v2\/media?parent=12"}],"curies":[{"name":"wp","href":"https:\/\/api.w.org\/{rel}","templated":true}]}}